{"id":401,"date":"2025-07-29T14:14:14","date_gmt":"2025-07-29T12:14:14","guid":{"rendered":"https:\/\/kaeserei-pfelders.com\/contatti\/"},"modified":"2026-05-12T14:31:34","modified_gmt":"2026-05-12T12:31:34","slug":"contatti","status":"publish","type":"page","link":"https:\/\/kaeserei-pfelders.com\/it\/contatti\/","title":{"rendered":"Contatti"},"content":{"rendered":"[vc_row type=&#8221;in_container&#8221; full_screen_row_position=&#8221;middle&#8221; column_margin=&#8221;default&#8221; column_direction=&#8221;default&#8221; column_direction_tablet=&#8221;default&#8221; column_direction_phone=&#8221;default&#8221; scene_position=&#8221;center&#8221; top_padding=&#8221;5%&#8221; constrain_group_1=&#8221;yes&#8221; bottom_padding=&#8221;5%&#8221; text_color=&#8221;dark&#8221; text_align=&#8221;left&#8221; row_border_radius=&#8221;none&#8221; row_border_radius_applies=&#8221;bg&#8221; row_position_desktop=&#8221;default&#8221; row_position_tablet=&#8221;inherit&#8221; row_position_phone=&#8221;inherit&#8221; overflow=&#8221;visible&#8221; overlay_strength=&#8221;0.3&#8243; gradient_direction=&#8221;left_to_right&#8221; shape_divider_position=&#8221;bottom&#8221; bg_image_animation=&#8221;none&#8221; gradient_type=&#8221;default&#8221; shape_type=&#8221;&#8221;][vc_column column_padding=&#8221;no-extra-padding&#8221; column_padding_tablet=&#8221;inherit&#8221; column_padding_phone=&#8221;inherit&#8221; column_padding_position=&#8221;all&#8221; flex_gap_desktop=&#8221;10px&#8221; column_element_direction_desktop=&#8221;default&#8221; column_element_spacing=&#8221;default&#8221; desktop_text_alignment=&#8221;default&#8221; tablet_text_alignment=&#8221;default&#8221; phone_text_alignment=&#8221;default&#8221; background_color_opacity=&#8221;1&#8243; background_hover_color_opacity=&#8221;1&#8243; column_backdrop_filter=&#8221;none&#8221; column_shadow=&#8221;none&#8221; column_border_radius=&#8221;none&#8221; column_link_target=&#8221;_self&#8221; column_position=&#8221;default&#8221; gradient_direction=&#8221;left_to_right&#8221; overlay_strength=&#8221;0.3&#8243; width=&#8221;1\/1&#8243; tablet_width_inherit=&#8221;default&#8221; animation_type=&#8221;default&#8221; bg_image_animation=&#8221;none&#8221; border_type=&#8221;simple&#8221; column_border_width=&#8221;none&#8221; column_border_style=&#8221;solid&#8221;][vc_custom_heading text=&#8221;Il modo pi\u00f9 veloce per raggiungere il Seppnerhof&#8221; font_container=&#8221;tag:h1|text_align:left|color:%23242B30&#8243; use_theme_fonts=&#8221;yes&#8221; css=&#8221;&#8221;][vc_custom_heading text=&#8221;Montagne, prati, boschi \u2013 e tu proprio nel mezzo!&#8221; font_container=&#8221;tag:h2|text_align:left|color:%23C9A593&#8243; use_theme_fonts=&#8221;yes&#8221; css=&#8221;&#8221;][vc_row_inner equal_height=&#8221;yes&#8221; content_placement=&#8221;middle&#8221; column_margin=&#8221;80px&#8221; column_direction=&#8221;default&#8221; column_direction_tablet=&#8221;default&#8221; column_direction_phone=&#8221;default&#8221; top_padding=&#8221;4%&#8221; text_align=&#8221;left&#8221; row_position=&#8221;default&#8221; row_position_tablet=&#8221;inherit&#8221; row_position_phone=&#8221;inherit&#8221; overflow=&#8221;visible&#8221; pointer_events=&#8221;all&#8221;][vc_column_inner column_padding=&#8221;padding-5-percent&#8221; column_padding_tablet=&#8221;inherit&#8221; column_padding_phone=&#8221;inherit&#8221; column_padding_position=&#8221;all&#8221; flex_gap_desktop=&#8221;10px&#8221; column_element_direction_desktop=&#8221;default&#8221; column_element_spacing=&#8221;default&#8221; desktop_text_alignment=&#8221;default&#8221; tablet_text_alignment=&#8221;default&#8221; phone_text_alignment=&#8221;default&#8221; background_color_opacity=&#8221;1&#8243; background_hover_color_opacity=&#8221;1&#8243; background_image=&#8221;252&#8243; background_image_position=&#8221;center center&#8221; background_image_stacking=&#8221;default&#8221; enable_bg_scale=&#8221;true&#8221; background_image_loading=&#8221;default&#8221; column_backdrop_filter=&#8221;none&#8221; column_shadow=&#8221;none&#8221; column_border_radius=&#8221;none&#8221; column_link_target=&#8221;_self&#8221; overflow=&#8221;visible&#8221; gradient_direction=&#8221;left_to_right&#8221; overlay_strength=&#8221;0.3&#8243; width=&#8221;1\/2&#8243; tablet_width_inherit=&#8221;default&#8221; animation_type=&#8221;default&#8221; bg_image_animation=&#8221;zoom-out-reveal&#8221; border_type=&#8221;simple&#8221; column_border_width=&#8221;none&#8221; column_border_style=&#8221;solid&#8221; column_padding_type=&#8221;default&#8221; gradient_type=&#8221;default&#8221;][divider line_type=&#8221;No Line&#8221; custom_height=&#8221;300&#8243;][\/vc_column_inner][vc_column_inner column_padding=&#8221;no-extra-padding&#8221; column_padding_tablet=&#8221;inherit&#8221; column_padding_phone=&#8221;inherit&#8221; column_padding_position=&#8221;all&#8221; flex_gap_desktop=&#8221;10px&#8221; column_element_direction_desktop=&#8221;default&#8221; column_element_spacing=&#8221;default&#8221; desktop_text_alignment=&#8221;default&#8221; tablet_text_alignment=&#8221;default&#8221; phone_text_alignment=&#8221;default&#8221; background_color_opacity=&#8221;1&#8243; background_hover_color_opacity=&#8221;1&#8243; column_backdrop_filter=&#8221;none&#8221; column_shadow=&#8221;none&#8221; column_border_radius=&#8221;none&#8221; column_link_target=&#8221;_self&#8221; overflow=&#8221;visible&#8221; gradient_direction=&#8221;left_to_right&#8221; overlay_strength=&#8221;0.3&#8243; width=&#8221;1\/2&#8243; tablet_width_inherit=&#8221;default&#8221; animation_type=&#8221;default&#8221; bg_image_animation=&#8221;none&#8221; border_type=&#8221;simple&#8221; column_border_width=&#8221;none&#8221; column_border_style=&#8221;solid&#8221; column_padding_type=&#8221;default&#8221; gradient_type=&#8221;default&#8221;][vc_column_text css=&#8221;&#8221; text_direction=&#8221;default&#8221;]<strong>Caseificio di montagna &amp; appartamenti vacanze<\/strong><br \/>\n<strong>Seppnerhof<\/strong><\/p>\n<p>Via Zeppichler 21<br \/>\n39013 Moso in Passiria \/ Plan<\/p>\n<p>Tel. +393773323446<br \/>\n<a class=\"DNA-rte-link\" href=\"mailto:info@kaeserei-pfelders.com\">info@kaeserei-pfelders.com<\/a>[\/vc_column_text][vc_column_text css=&#8221;&#8221; text_direction=&#8221;default&#8221;]Il nostro maso Seppnerhof si trova nella piccola frazione di Zeppichl, nel paese a traffico limitato di Plan. Qui, in alta Val Passiria, ti rilassi con i tuoi cari in mezzo al Parco Naturale Gruppo di Tessa, in una posizione tranquilla e idilliaca. Circondato da prati e boschi, qui ti aspettano avventure tutto l\u2019anno nello splendido mondo alpino.[\/vc_column_text][\/vc_column_inner][\/vc_row_inner][\/vc_column][\/vc_row][vc_row type=&#8221;full_width_background&#8221; full_screen_row_position=&#8221;middle&#8221; column_margin=&#8221;default&#8221; equal_height=&#8221;yes&#8221; content_placement=&#8221;middle&#8221; column_direction=&#8221;default&#8221; column_direction_tablet=&#8221;default&#8221; column_direction_phone=&#8221;default&#8221; bg_color=&#8221;#E8A321&#8243; scene_position=&#8221;center&#8221; top_padding=&#8221;3%&#8221; constrain_group_1=&#8221;yes&#8221; bottom_padding=&#8221;3%&#8221; text_color=&#8221;dark&#8221; text_align=&#8221;left&#8221; row_border_radius=&#8221;none&#8221; row_border_radius_applies=&#8221;bg&#8221; row_position_desktop=&#8221;default&#8221; row_position_tablet=&#8221;inherit&#8221; row_position_phone=&#8221;inherit&#8221; overflow=&#8221;visible&#8221; overlay_strength=&#8221;1&#8243; gradient_direction=&#8221;top_to_bottom&#8221; shape_divider_color=&#8221;#E8A321&#8243; shape_divider_position=&#8221;top&#8221; shape_divider_height=&#8221;60%&#8221; bg_image_animation=&#8221;none&#8221; shape_type=&#8221;straight_section&#8221; gradient_type=&#8221;default&#8221;][vc_column column_padding=&#8221;no-extra-padding&#8221; column_padding_tablet=&#8221;inherit&#8221; column_padding_phone=&#8221;inherit&#8221; column_padding_position=&#8221;right&#8221; flex_gap_desktop=&#8221;10px&#8221; column_element_direction_desktop=&#8221;default&#8221; column_element_spacing=&#8221;default&#8221; desktop_text_alignment=&#8221;default&#8221; tablet_text_alignment=&#8221;default&#8221; phone_text_alignment=&#8221;default&#8221; background_color_opacity=&#8221;1&#8243; background_hover_color_opacity=&#8221;1&#8243; column_backdrop_filter=&#8221;none&#8221; column_shadow=&#8221;none&#8221; column_border_radius=&#8221;none&#8221; column_link_target=&#8221;_self&#8221; column_position=&#8221;default&#8221; gradient_direction=&#8221;left_to_right&#8221; overlay_strength=&#8221;0.3&#8243; width=&#8221;1\/1&#8243; tablet_width_inherit=&#8221;default&#8221; animation_type=&#8221;default&#8221; bg_image_animation=&#8221;none&#8221; border_type=&#8221;simple&#8221; column_border_width=&#8221;none&#8221; column_border_style=&#8221;solid&#8221;][vc_row_inner equal_height=&#8221;yes&#8221; content_placement=&#8221;middle&#8221; column_margin=&#8221;80px&#8221; column_direction=&#8221;default&#8221; column_direction_tablet=&#8221;default&#8221; column_direction_phone=&#8221;default&#8221; text_align=&#8221;left&#8221; row_position=&#8221;default&#8221; row_position_tablet=&#8221;inherit&#8221; row_position_phone=&#8221;inherit&#8221; overflow=&#8221;visible&#8221; pointer_events=&#8221;all&#8221;][vc_column_inner column_padding=&#8221;no-extra-padding&#8221; column_padding_tablet=&#8221;inherit&#8221; column_padding_phone=&#8221;inherit&#8221; column_padding_position=&#8221;all&#8221; flex_gap_desktop=&#8221;10px&#8221; column_element_direction_desktop=&#8221;default&#8221; column_element_spacing=&#8221;default&#8221; desktop_text_alignment=&#8221;default&#8221; tablet_text_alignment=&#8221;default&#8221; phone_text_alignment=&#8221;default&#8221; background_color_opacity=&#8221;1&#8243; background_hover_color_opacity=&#8221;1&#8243; column_backdrop_filter=&#8221;none&#8221; column_shadow=&#8221;none&#8221; column_border_radius=&#8221;none&#8221; column_link_target=&#8221;_self&#8221; overflow=&#8221;visible&#8221; gradient_direction=&#8221;left_to_right&#8221; overlay_strength=&#8221;0.3&#8243; width=&#8221;3\/4&#8243; tablet_width_inherit=&#8221;default&#8221; animation_type=&#8221;default&#8221; bg_image_animation=&#8221;none&#8221; border_type=&#8221;simple&#8221; column_border_width=&#8221;none&#8221; column_border_style=&#8221;solid&#8221;][vc_custom_heading text=&#8221;Il percorso pi\u00f9 veloce per arrivare da noi \u2013 passo dopo passo:&#8221; font_container=&#8221;tag:h2|text_align:left|color:%23242B30&#8243; use_theme_fonts=&#8221;yes&#8221; css=&#8221;.vc_custom_1753791246980{padding-bottom: 2% !important;}&#8221;][vc_column_text css=&#8221;&#8221; text_direction=&#8221;default&#8221;]\n<h3>Arrivando da nord:<\/h3>\n<p>Attraverso il Brennero fino a Vipiteno e poi passando per il Passo Giovo fino a San Leonardo in Passiria.<\/p>\n<h3>Arrivando da sud:<\/h3>\n<p>Percorri l\u2019autostrada fino all\u2019uscita Bolzano Sud. La superstrada MEBO ti porta via Merano attraverso la Val Passiria fino a San Leonardo in Passiria.<\/p>\n<h3>Piccolo consiglio:<\/h3>\n<p>Molti navigatori ti guidano da San Leonardo lungo il percorso pi\u00f9 breve per Plan. Si tratta per\u00f2 di una strada molto stretta e angusta. \u00c8 s\u00ec il tragitto pi\u00f9 corto, ma non il percorso pi\u00f9 comodo.<\/p>\n<p><strong>Da San Leonardo segui quindi la segnaletica per Passo del Rombo \u2013 Moso \u2013 Plan (SS44bis).<\/strong><br \/>\n<strong>A Moso in Passiria svolta a sinistra dalla strada principale (SS44bis) in direzione Plan.<\/strong><\/p>\n<p>Arrivato a Plata, segui il tracciato della strada fino a Plan.<\/p>\n<p>Prima del centro del paese c\u2019\u00e8 una sbarra, perch\u00e9 Plan \u00e8 un paese a traffico limitato. Per la sbarra ti serve un codice, che saremo felici di comunicarti per telefono o via e-mail. Come nostro ospite puoi naturalmente arrivare in auto fino al nostro maso.<\/p>\n<p>Il Seppnerhof si trova nella parte alta di Plan, nella frazione di Zeppichl. Segui semplicemente la segnaletica in direzione Lazins. In paese guida fino alla prima fontana e segui la segnaletica in direzione Gasthaus Zeppichl. Dopo un chilometro svolta a sinistra \u2013 benvenuto da noi, che bello averti qui![\/vc_column_text][\/vc_column_inner][vc_column_inner column_padding=&#8221;no-extra-padding&#8221; column_padding_tablet=&#8221;inherit&#8221; column_padding_phone=&#8221;inherit&#8221; column_padding_position=&#8221;all&#8221; flex_gap_desktop=&#8221;10px&#8221; column_element_direction_desktop=&#8221;default&#8221; column_element_spacing=&#8221;default&#8221; desktop_text_alignment=&#8221;default&#8221; tablet_text_alignment=&#8221;default&#8221; phone_text_alignment=&#8221;default&#8221; background_color_opacity=&#8221;1&#8243; background_hover_color_opacity=&#8221;1&#8243; column_backdrop_filter=&#8221;none&#8221; column_shadow=&#8221;none&#8221; column_border_radius=&#8221;none&#8221; column_link_target=&#8221;_self&#8221; overflow=&#8221;visible&#8221; gradient_direction=&#8221;left_to_right&#8221; overlay_strength=&#8221;0.3&#8243; width=&#8221;1\/4&#8243; tablet_width_inherit=&#8221;default&#8221; animation_type=&#8221;default&#8221; bg_image_animation=&#8221;none&#8221; border_type=&#8221;simple&#8221; column_border_width=&#8221;none&#8221; column_border_style=&#8221;solid&#8221;][\/vc_column_inner][\/vc_row_inner][\/vc_column][\/vc_row]\n","protected":false},"excerpt":{"rendered":"<p>[vc_row type=&#8221;in_container&#8221; full_screen_row_position=&#8221;middle&#8221; column_margin=&#8221;default&#8221; column_direction=&#8221;default&#8221; column_direction_tablet=&#8221;default&#8221; column_direction_phone=&#8221;default&#8221; scene_position=&#8221;center&#8221; top_padding=&#8221;5%&#8221; constrain_group_1=&#8221;yes&#8221; bottom_padding=&#8221;5%&#8221; text_color=&#8221;dark&#8221; text_align=&#8221;left&#8221; row_border_radius=&#8221;none&#8221; row_border_radius_applies=&#8221;bg&#8221; row_position_desktop=&#8221;default&#8221; row_position_tablet=&#8221;inherit&#8221; row_position_phone=&#8221;inherit&#8221; overflow=&#8221;visible&#8221; overlay_strength=&#8221;0.3&#8243; gradient_direction=&#8221;left_to_right&#8221; shape_divider_position=&#8221;bottom&#8221; bg_image_animation=&#8221;none&#8221; gradient_type=&#8221;default&#8221; shape_type=&#8221;&#8221;][vc_column column_padding=&#8221;no-extra-padding&#8221; column_padding_tablet=&#8221;inherit&#8221; column_padding_phone=&#8221;inherit&#8221; column_padding_position=&#8221;all&#8221; flex_gap_desktop=&#8221;10px&#8221;&#8230;<\/p>\n","protected":false},"author":2,"featured_media":0,"parent":0,"menu_order":6,"comment_status":"closed","ping_status":"closed","template":"","meta":{"footnotes":""},"class_list":["post-401","page","type-page","status-publish"],"yoast_head":"<!-- This site is optimized with the Yoast SEO plugin v27.6 - https:\/\/yoast.com\/product\/yoast-seo-wordpress\/ -->\n<title>Contatti - Seppnerhof<\/title>\n<meta name=\"robots\" content=\"index, follow, max-snippet:-1, max-image-preview:large, max-video-preview:-1\" \/>\n<link rel=\"canonical\" href=\"https:\/\/kaeserei-pfelders.com\/it\/contatti\/\" \/>\n<meta property=\"og:locale\" content=\"it_IT\" \/>\n<meta property=\"og:type\" content=\"article\" \/>\n<meta property=\"og:title\" content=\"Contatti - Seppnerhof\" \/>\n<meta property=\"og:description\" content=\"[vc_row type=&#8221;in_container&#8221; full_screen_row_position=&#8221;middle&#8221; column_margin=&#8221;default&#8221; column_direction=&#8221;default&#8221; column_direction_tablet=&#8221;default&#8221; column_direction_phone=&#8221;default&#8221; scene_position=&#8221;center&#8221; top_padding=&#8221;5%&#8221; constrain_group_1=&#8221;yes&#8221; bottom_padding=&#8221;5%&#8221; text_color=&#8221;dark&#8221; text_align=&#8221;left&#8221; row_border_radius=&#8221;none&#8221; row_border_radius_applies=&#8221;bg&#8221; row_position_desktop=&#8221;default&#8221; row_position_tablet=&#8221;inherit&#8221; row_position_phone=&#8221;inherit&#8221; overflow=&#8221;visible&#8221; overlay_strength=&#8221;0.3&#8243; gradient_direction=&#8221;left_to_right&#8221; shape_divider_position=&#8221;bottom&#8221; bg_image_animation=&#8221;none&#8221; gradient_type=&#8221;default&#8221; shape_type=&#8221;&#8221;][vc_column column_padding=&#8221;no-extra-padding&#8221; column_padding_tablet=&#8221;inherit&#8221; column_padding_phone=&#8221;inherit&#8221; column_padding_position=&#8221;all&#8221; flex_gap_desktop=&#8221;10px&#8221;...\" \/>\n<meta property=\"og:url\" content=\"https:\/\/kaeserei-pfelders.com\/it\/contatti\/\" \/>\n<meta property=\"og:site_name\" content=\"Seppnerhof\" \/>\n<meta property=\"article:publisher\" content=\"https:\/\/www.facebook.com\/profile.php?id=100057309975325\" \/>\n<meta property=\"article:modified_time\" content=\"2026-05-12T12:31:34+00:00\" \/>\n<meta property=\"og:image\" content=\"https:\/\/kaeserei-pfelders.com\/wp-content\/uploads\/2025\/07\/seppnerhof-07.jpg\" \/>\n\t<meta property=\"og:image:width\" content=\"2560\" \/>\n\t<meta property=\"og:image:height\" content=\"1703\" \/>\n\t<meta property=\"og:image:type\" content=\"image\/jpeg\" \/>\n<meta name=\"twitter:label1\" content=\"Tempo di lettura stimato\" \/>\n\t<meta name=\"twitter:data1\" content=\"2 minuti\" \/>\n<script type=\"application\/ld+json\" class=\"yoast-schema-graph\">{\"@context\":\"https:\\\/\\\/schema.org\",\"@graph\":[{\"@type\":\"WebPage\",\"@id\":\"https:\\\/\\\/kaeserei-pfelders.com\\\/it\\\/contatti\\\/\",\"url\":\"https:\\\/\\\/kaeserei-pfelders.com\\\/it\\\/contatti\\\/\",\"name\":\"Contatti - Seppnerhof\",\"isPartOf\":{\"@id\":\"https:\\\/\\\/kaeserei-pfelders.com\\\/it\\\/#website\"},\"datePublished\":\"2025-07-29T12:14:14+00:00\",\"dateModified\":\"2026-05-12T12:31:34+00:00\",\"breadcrumb\":{\"@id\":\"https:\\\/\\\/kaeserei-pfelders.com\\\/it\\\/contatti\\\/#breadcrumb\"},\"inLanguage\":\"it-IT\",\"potentialAction\":[{\"@type\":\"ReadAction\",\"target\":[\"https:\\\/\\\/kaeserei-pfelders.com\\\/it\\\/contatti\\\/\"]}]},{\"@type\":\"BreadcrumbList\",\"@id\":\"https:\\\/\\\/kaeserei-pfelders.com\\\/it\\\/contatti\\\/#breadcrumb\",\"itemListElement\":[{\"@type\":\"ListItem\",\"position\":1,\"name\":\"Start\",\"item\":\"https:\\\/\\\/kaeserei-pfelders.com\\\/it\\\/\"},{\"@type\":\"ListItem\",\"position\":2,\"name\":\"Contatti\"}]},{\"@type\":\"WebSite\",\"@id\":\"https:\\\/\\\/kaeserei-pfelders.com\\\/it\\\/#website\",\"url\":\"https:\\\/\\\/kaeserei-pfelders.com\\\/it\\\/\",\"name\":\"Seppnerhof\",\"description\":\"Bergk\u00e4serei &amp; Ferienwohnungen in Pfelders\",\"publisher\":{\"@id\":\"https:\\\/\\\/kaeserei-pfelders.com\\\/it\\\/#organization\"},\"potentialAction\":[{\"@type\":\"SearchAction\",\"target\":{\"@type\":\"EntryPoint\",\"urlTemplate\":\"https:\\\/\\\/kaeserei-pfelders.com\\\/it\\\/?s={search_term_string}\"},\"query-input\":{\"@type\":\"PropertyValueSpecification\",\"valueRequired\":true,\"valueName\":\"search_term_string\"}}],\"inLanguage\":\"it-IT\"},{\"@type\":\"Organization\",\"@id\":\"https:\\\/\\\/kaeserei-pfelders.com\\\/it\\\/#organization\",\"name\":\"Seppnerhof\",\"url\":\"https:\\\/\\\/kaeserei-pfelders.com\\\/it\\\/\",\"logo\":{\"@type\":\"ImageObject\",\"inLanguage\":\"it-IT\",\"@id\":\"https:\\\/\\\/kaeserei-pfelders.com\\\/it\\\/#\\\/schema\\\/logo\\\/image\\\/\",\"url\":\"https:\\\/\\\/kaeserei-pfelders.com\\\/wp-content\\\/uploads\\\/2025\\\/07\\\/seppnerhof-logo-2x.png\",\"contentUrl\":\"https:\\\/\\\/kaeserei-pfelders.com\\\/wp-content\\\/uploads\\\/2025\\\/07\\\/seppnerhof-logo-2x.png\",\"width\":600,\"height\":275,\"caption\":\"Seppnerhof\"},\"image\":{\"@id\":\"https:\\\/\\\/kaeserei-pfelders.com\\\/it\\\/#\\\/schema\\\/logo\\\/image\\\/\"},\"sameAs\":[\"https:\\\/\\\/www.facebook.com\\\/profile.php?id=100057309975325\"]}]}<\/script>\n<!-- \/ Yoast SEO plugin. -->","yoast_head_json":{"title":"Contatti - Seppnerhof","robots":{"index":"index","follow":"follow","max-snippet":"max-snippet:-1","max-image-preview":"max-image-preview:large","max-video-preview":"max-video-preview:-1"},"canonical":"https:\/\/kaeserei-pfelders.com\/it\/contatti\/","og_locale":"it_IT","og_type":"article","og_title":"Contatti - Seppnerhof","og_description":"[vc_row type=&#8221;in_container&#8221; full_screen_row_position=&#8221;middle&#8221; column_margin=&#8221;default&#8221; column_direction=&#8221;default&#8221; column_direction_tablet=&#8221;default&#8221; column_direction_phone=&#8221;default&#8221; scene_position=&#8221;center&#8221; top_padding=&#8221;5%&#8221; constrain_group_1=&#8221;yes&#8221; bottom_padding=&#8221;5%&#8221; text_color=&#8221;dark&#8221; text_align=&#8221;left&#8221; row_border_radius=&#8221;none&#8221; row_border_radius_applies=&#8221;bg&#8221; row_position_desktop=&#8221;default&#8221; row_position_tablet=&#8221;inherit&#8221; row_position_phone=&#8221;inherit&#8221; overflow=&#8221;visible&#8221; overlay_strength=&#8221;0.3&#8243; gradient_direction=&#8221;left_to_right&#8221; shape_divider_position=&#8221;bottom&#8221; bg_image_animation=&#8221;none&#8221; gradient_type=&#8221;default&#8221; shape_type=&#8221;&#8221;][vc_column column_padding=&#8221;no-extra-padding&#8221; column_padding_tablet=&#8221;inherit&#8221; column_padding_phone=&#8221;inherit&#8221; column_padding_position=&#8221;all&#8221; flex_gap_desktop=&#8221;10px&#8221;...","og_url":"https:\/\/kaeserei-pfelders.com\/it\/contatti\/","og_site_name":"Seppnerhof","article_publisher":"https:\/\/www.facebook.com\/profile.php?id=100057309975325","article_modified_time":"2026-05-12T12:31:34+00:00","og_image":[{"width":2560,"height":1703,"url":"https:\/\/kaeserei-pfelders.com\/wp-content\/uploads\/2025\/07\/seppnerhof-07.jpg","type":"image\/jpeg"}],"twitter_misc":{"Tempo di lettura stimato":"2 minuti"},"schema":{"@context":"https:\/\/schema.org","@graph":[{"@type":"WebPage","@id":"https:\/\/kaeserei-pfelders.com\/it\/contatti\/","url":"https:\/\/kaeserei-pfelders.com\/it\/contatti\/","name":"Contatti - Seppnerhof","isPartOf":{"@id":"https:\/\/kaeserei-pfelders.com\/it\/#website"},"datePublished":"2025-07-29T12:14:14+00:00","dateModified":"2026-05-12T12:31:34+00:00","breadcrumb":{"@id":"https:\/\/kaeserei-pfelders.com\/it\/contatti\/#breadcrumb"},"inLanguage":"it-IT","potentialAction":[{"@type":"ReadAction","target":["https:\/\/kaeserei-pfelders.com\/it\/contatti\/"]}]},{"@type":"BreadcrumbList","@id":"https:\/\/kaeserei-pfelders.com\/it\/contatti\/#breadcrumb","itemListElement":[{"@type":"ListItem","position":1,"name":"Start","item":"https:\/\/kaeserei-pfelders.com\/it\/"},{"@type":"ListItem","position":2,"name":"Contatti"}]},{"@type":"WebSite","@id":"https:\/\/kaeserei-pfelders.com\/it\/#website","url":"https:\/\/kaeserei-pfelders.com\/it\/","name":"Seppnerhof","description":"Bergk\u00e4serei &amp; Ferienwohnungen in Pfelders","publisher":{"@id":"https:\/\/kaeserei-pfelders.com\/it\/#organization"},"potentialAction":[{"@type":"SearchAction","target":{"@type":"EntryPoint","urlTemplate":"https:\/\/kaeserei-pfelders.com\/it\/?s={search_term_string}"},"query-input":{"@type":"PropertyValueSpecification","valueRequired":true,"valueName":"search_term_string"}}],"inLanguage":"it-IT"},{"@type":"Organization","@id":"https:\/\/kaeserei-pfelders.com\/it\/#organization","name":"Seppnerhof","url":"https:\/\/kaeserei-pfelders.com\/it\/","logo":{"@type":"ImageObject","inLanguage":"it-IT","@id":"https:\/\/kaeserei-pfelders.com\/it\/#\/schema\/logo\/image\/","url":"https:\/\/kaeserei-pfelders.com\/wp-content\/uploads\/2025\/07\/seppnerhof-logo-2x.png","contentUrl":"https:\/\/kaeserei-pfelders.com\/wp-content\/uploads\/2025\/07\/seppnerhof-logo-2x.png","width":600,"height":275,"caption":"Seppnerhof"},"image":{"@id":"https:\/\/kaeserei-pfelders.com\/it\/#\/schema\/logo\/image\/"},"sameAs":["https:\/\/www.facebook.com\/profile.php?id=100057309975325"]}]}},"_links":{"self":[{"href":"https:\/\/kaeserei-pfelders.com\/it\/wp-json\/wp\/v2\/pages\/401","targetHints":{"allow":["GET"]}}],"collection":[{"href":"https:\/\/kaeserei-pfelders.com\/it\/wp-json\/wp\/v2\/pages"}],"about":[{"href":"https:\/\/kaeserei-pfelders.com\/it\/wp-json\/wp\/v2\/types\/page"}],"author":[{"embeddable":true,"href":"https:\/\/kaeserei-pfelders.com\/it\/wp-json\/wp\/v2\/users\/2"}],"replies":[{"embeddable":true,"href":"https:\/\/kaeserei-pfelders.com\/it\/wp-json\/wp\/v2\/comments?post=401"}],"version-history":[{"count":4,"href":"https:\/\/kaeserei-pfelders.com\/it\/wp-json\/wp\/v2\/pages\/401\/revisions"}],"predecessor-version":[{"id":458,"href":"https:\/\/kaeserei-pfelders.com\/it\/wp-json\/wp\/v2\/pages\/401\/revisions\/458"}],"wp:attachment":[{"href":"https:\/\/kaeserei-pfelders.com\/it\/wp-json\/wp\/v2\/media?parent=401"}],"curies":[{"name":"wp","href":"https:\/\/api.w.org\/{rel}","templated":true}]}}