{"id":372,"date":"2025-12-22T09:46:04","date_gmt":"2025-12-22T08:46:04","guid":{"rendered":"https:\/\/kaeserei-pfelders.com\/cookie\/"},"modified":"2026-02-23T10:27:34","modified_gmt":"2026-02-23T09:27:34","slug":"cookie","status":"publish","type":"page","link":"https:\/\/kaeserei-pfelders.com\/it\/cookie\/","title":{"rendered":"Cookie"},"content":{"rendered":"[vc_row type=&#8221;in_container&#8221; full_screen_row_position=&#8221;middle&#8221; column_margin=&#8221;default&#8221; column_direction=&#8221;default&#8221; column_direction_tablet=&#8221;default&#8221; column_direction_phone=&#8221;default&#8221; scene_position=&#8221;center&#8221; text_color=&#8221;dark&#8221; text_align=&#8221;left&#8221; row_border_radius=&#8221;none&#8221; row_border_radius_applies=&#8221;bg&#8221; row_position_desktop=&#8221;default&#8221; row_position_tablet=&#8221;inherit&#8221; row_position_phone=&#8221;inherit&#8221; overflow=&#8221;visible&#8221; overlay_strength=&#8221;0.3&#8243; gradient_direction=&#8221;left_to_right&#8221; shape_divider_position=&#8221;bottom&#8221; bg_image_animation=&#8221;none&#8221;][vc_column column_padding=&#8221;no-extra-padding&#8221; column_padding_tablet=&#8221;inherit&#8221; column_padding_phone=&#8221;inherit&#8221; column_padding_position=&#8221;all&#8221; flex_gap_desktop=&#8221;10px&#8221; column_element_direction_desktop=&#8221;default&#8221; column_element_spacing=&#8221;default&#8221; desktop_text_alignment=&#8221;default&#8221; tablet_text_alignment=&#8221;default&#8221; phone_text_alignment=&#8221;default&#8221; background_color_opacity=&#8221;1&#8243; background_hover_color_opacity=&#8221;1&#8243; column_backdrop_filter=&#8221;none&#8221; column_shadow=&#8221;none&#8221; column_border_radius=&#8221;none&#8221; column_link_target=&#8221;_self&#8221; column_position=&#8221;default&#8221; gradient_direction=&#8221;left_to_right&#8221; overlay_strength=&#8221;0.3&#8243; width=&#8221;1\/1&#8243; tablet_width_inherit=&#8221;default&#8221; animation_type=&#8221;default&#8221; bg_image_animation=&#8221;none&#8221; border_type=&#8221;simple&#8221; column_border_width=&#8221;none&#8221; column_border_style=&#8221;solid&#8221;][vc_row_inner column_margin=&#8221;default&#8221; column_direction=&#8221;default&#8221; column_direction_tablet=&#8221;default&#8221; column_direction_phone=&#8221;default&#8221; text_align=&#8221;left&#8221; row_position=&#8221;default&#8221; row_position_tablet=&#8221;inherit&#8221; row_position_phone=&#8221;inherit&#8221; overflow=&#8221;visible&#8221; pointer_events=&#8221;all&#8221;][vc_column_inner column_padding=&#8221;no-extra-padding&#8221; column_padding_tablet=&#8221;inherit&#8221; column_padding_phone=&#8221;inherit&#8221; column_padding_position=&#8221;all&#8221; flex_gap_desktop=&#8221;10px&#8221; column_element_direction_desktop=&#8221;default&#8221; column_element_spacing=&#8221;default&#8221; desktop_text_alignment=&#8221;default&#8221; tablet_text_alignment=&#8221;default&#8221; phone_text_alignment=&#8221;default&#8221; background_color_opacity=&#8221;1&#8243; background_hover_color_opacity=&#8221;1&#8243; column_backdrop_filter=&#8221;none&#8221; column_shadow=&#8221;none&#8221; column_border_radius=&#8221;none&#8221; column_link_target=&#8221;_self&#8221; overflow=&#8221;visible&#8221; gradient_direction=&#8221;left_to_right&#8221; overlay_strength=&#8221;0.3&#8243; width=&#8221;1\/1&#8243; tablet_width_inherit=&#8221;default&#8221; animation_type=&#8221;default&#8221; bg_image_animation=&#8221;none&#8221; border_type=&#8221;simple&#8221; column_border_width=&#8221;none&#8221; column_border_style=&#8221;solid&#8221;][vc_column_text css=&#8221;&#8221; text_direction=&#8221;default&#8221;]\n<h2 data-start=\"328\" data-end=\"352\"><strong data-start=\"331\" data-end=\"352\">Informativa sui cookie<\/strong><\/h2>\n<div class=\"brlbs-cmpnt-container\" data-borlabs-cookie-consent-history=\"\" data-v-app=\"\">\n<div class=\"brlbs-overflow-hidden\">\n<p class=\"brlbs-mt-4 brlbs-text-center brlbs-text-sm\">[borlabs-cookie type=&#8221;btn-consent-preferences&#8221; title=&#8221;Impostazioni&#8221; \/]\n[borlabs-cookie type=&#8221;consent-history&#8221; \/]\n<\/div>\n<\/div>\n<p data-start=\"354\" data-end=\"503\">Questo sito web utilizza i cookie per migliorare l&#8217;esperienza dell&#8217;utente, personalizzare i contenuti ed effettuare analisi statistiche.<\/p>\n<p data-start=\"505\" data-end=\"528\"><strong>Cosa sono i cookie?<br \/>\n<\/strong>I cookie sono piccoli file di testo che vengono memorizzati sul tuo dispositivo quando visiti un sito web. Non causano danni e non contengono virus. I cookie ci aiutano a rendere il nostro sito web pi\u00f9 facile da usare, pi\u00f9 efficace e pi\u00f9 sicuro.  <\/p>\n<p data-start=\"780\" data-end=\"813\"><strong>Quali cookie utilizziamo?<\/strong><\/p>\n<ul>\n<li data-start=\"817\" data-end=\"966\"><strong data-start=\"817\" data-end=\"849\">Cookie tecnicamente necessari<\/strong><br data-start=\"849\" data-end=\"852\">Questi cookie sono necessari affinch\u00e9 il sito web funzioni correttamente (ad es. navigazione, impostazioni della lingua).<\/li>\n<li data-start=\"970\" data-end=\"1166\"><strong data-start=\"970\" data-end=\"1006\">Cookie di performance e statistici<\/strong><br data-start=\"1006\" data-end=\"1009\">Questi cookie ci aiutano a capire come i visitatori utilizzano il nostro sito web e servono per l&#8217;ottimizzazione (ad es. Google Analytics con anonimizzazione IP).<\/li>\n<li data-start=\"1170\" data-end=\"1307\"><strong data-start=\"1170\" data-end=\"1193\">Cookie funzionali<\/strong><br data-start=\"1193\" data-end=\"1196\">Memorizzano le tue impostazioni e preferenze, ad esempio se hai gi\u00e0 accettato un banner sui cookie.<\/li>\n<li data-start=\"1311\" data-end=\"1529\"><strong data-start=\"1311\" data-end=\"1364\">Cookie di marketing\/retargeting di terze parti<\/strong><br data-start=\"1364\" data-end=\"1367\">Alcune pagine possono contenere contenuti di terze parti come Google o social media, che impostano i propri cookie per mostrarti pubblicit\u00e0 personalizzata.<\/li>\n<\/ul>\n<p data-start=\"1531\" data-end=\"1553\"><strong>Google Analytics<br \/>\n<\/strong>Questo sito web utilizza <strong data-start=\"1574\" data-end=\"1596\">Google Analytics 4<\/strong> con anonimizzazione IP attivata. I dati ci aiutano a comprendere meglio l&#8217;utilizzo del sito. Puoi disattivare la raccolta in qualsiasi momento tramite un plugin del browser o un opt-out:<br data-start=\"1785\" data-end=\"1788\"><a class=\"\" href=\"https:\/\/tools.google.com\/dlpage\/gaoptout?hl=de\" target=\"_new\" rel=\"noopener\" data-start=\"1788\" data-end=\"1884\">https:\/\/tools.google.com\/dlpage\/gaoptout?hl=de<\/a><\/p>\n<p data-start=\"1886\" data-end=\"1919\"><strong>Modifica le impostazioni dei cookie<br \/>\n<\/strong>Puoi decidere nel tuo browser se i cookie possono essere impostati. Una disattivazione completa pu\u00f2 tuttavia limitare la funzionalit\u00e0 del sito web. Informazioni utili a riguardo le trovi su:<br data-start=\"2133\" data-end=\"2136\"><a class=\"\" href=\"https:\/\/www.youronlinechoices.eu\/\" target=\"_new\" rel=\"noopener\" data-start=\"2136\" data-end=\"2196\">www.youronlinechoices.eu<\/a><\/p>\n<p data-start=\"2203\" data-end=\"2233\"><strong>Fornitore di questo sito web:<\/strong><\/p>\n<p><strong>Seppnerhof<\/strong><br \/>\nCaseificio &amp; Appartamenti per vacanze<\/p>\n<div class=\"textwidget\">\n<p>Via Zeppichler 21<br \/>\n39013 Moso in Passiria<\/p>\n<p>Tel. +39 377 332 3446<br \/>\n<a class=\"DNA-rte-link\" href=\"mailto:kontakt@kaeserei-pfelders.com\">kontakt@kaeserei-pfelders.com<\/a><\/p>\n<\/div>\n<p data-start=\"433\" data-end=\"662\">P.IVA: 01725520215<\/p>\n[\/vc_column_text][\/vc_column_inner][\/vc_row_inner][\/vc_column][\/vc_row]\n","protected":false},"excerpt":{"rendered":"<p>[vc_row type=&#8221;in_container&#8221; full_screen_row_position=&#8221;middle&#8221; column_margin=&#8221;default&#8221; column_direction=&#8221;default&#8221; column_direction_tablet=&#8221;default&#8221; column_direction_phone=&#8221;default&#8221; scene_position=&#8221;center&#8221; text_color=&#8221;dark&#8221; text_align=&#8221;left&#8221; row_border_radius=&#8221;none&#8221; row_border_radius_applies=&#8221;bg&#8221; row_position_desktop=&#8221;default&#8221; row_position_tablet=&#8221;inherit&#8221; row_position_phone=&#8221;inherit&#8221; overflow=&#8221;visible&#8221; overlay_strength=&#8221;0.3&#8243; gradient_direction=&#8221;left_to_right&#8221; shape_divider_position=&#8221;bottom&#8221; bg_image_animation=&#8221;none&#8221;][vc_column column_padding=&#8221;no-extra-padding&#8221; column_padding_tablet=&#8221;inherit&#8221; column_padding_phone=&#8221;inherit&#8221; column_padding_position=&#8221;all&#8221; flex_gap_desktop=&#8221;10px&#8221; column_element_direction_desktop=&#8221;default&#8221; column_element_spacing=&#8221;default&#8221; desktop_text_alignment=&#8221;default&#8221; tablet_text_alignment=&#8221;default&#8221; phone_text_alignment=&#8221;default&#8221;&#8230;<\/p>\n","protected":false},"author":3,"featured_media":0,"parent":0,"menu_order":14,"comment_status":"closed","ping_status":"closed","template":"","meta":{"footnotes":""},"class_list":["post-372","page","type-page","status-publish"],"yoast_head":"<!-- This site is optimized with the Yoast SEO plugin v27.6 - https:\/\/yoast.com\/product\/yoast-seo-wordpress\/ -->\n<title>Cookie - Seppnerhof<\/title>\n<meta name=\"robots\" content=\"index, follow, max-snippet:-1, max-image-preview:large, max-video-preview:-1\" \/>\n<link rel=\"canonical\" href=\"https:\/\/kaeserei-pfelders.com\/it\/cookie\/\" \/>\n<meta property=\"og:locale\" content=\"it_IT\" \/>\n<meta property=\"og:type\" content=\"article\" \/>\n<meta property=\"og:title\" content=\"Cookie - Seppnerhof\" \/>\n<meta property=\"og:description\" content=\"[vc_row type=&#8221;in_container&#8221; full_screen_row_position=&#8221;middle&#8221; column_margin=&#8221;default&#8221; column_direction=&#8221;default&#8221; column_direction_tablet=&#8221;default&#8221; column_direction_phone=&#8221;default&#8221; scene_position=&#8221;center&#8221; text_color=&#8221;dark&#8221; text_align=&#8221;left&#8221; row_border_radius=&#8221;none&#8221; row_border_radius_applies=&#8221;bg&#8221; row_position_desktop=&#8221;default&#8221; row_position_tablet=&#8221;inherit&#8221; row_position_phone=&#8221;inherit&#8221; overflow=&#8221;visible&#8221; overlay_strength=&#8221;0.3&#8243; gradient_direction=&#8221;left_to_right&#8221; shape_divider_position=&#8221;bottom&#8221; bg_image_animation=&#8221;none&#8221;][vc_column column_padding=&#8221;no-extra-padding&#8221; column_padding_tablet=&#8221;inherit&#8221; column_padding_phone=&#8221;inherit&#8221; column_padding_position=&#8221;all&#8221; flex_gap_desktop=&#8221;10px&#8221; column_element_direction_desktop=&#8221;default&#8221; column_element_spacing=&#8221;default&#8221; desktop_text_alignment=&#8221;default&#8221; tablet_text_alignment=&#8221;default&#8221; phone_text_alignment=&#8221;default&#8221;...\" \/>\n<meta property=\"og:url\" content=\"https:\/\/kaeserei-pfelders.com\/it\/cookie\/\" \/>\n<meta property=\"og:site_name\" content=\"Seppnerhof\" \/>\n<meta property=\"article:publisher\" content=\"https:\/\/www.facebook.com\/profile.php?id=100057309975325\" \/>\n<meta property=\"article:modified_time\" content=\"2026-02-23T09:27:34+00:00\" \/>\n<meta property=\"og:image\" content=\"https:\/\/kaeserei-pfelders.com\/wp-content\/uploads\/2025\/07\/seppnerhof-07.jpg\" \/>\n\t<meta property=\"og:image:width\" content=\"2560\" \/>\n\t<meta property=\"og:image:height\" content=\"1703\" \/>\n\t<meta property=\"og:image:type\" content=\"image\/jpeg\" \/>\n<meta name=\"twitter:label1\" content=\"Tempo di lettura stimato\" \/>\n\t<meta name=\"twitter:data1\" content=\"3 minuti\" \/>\n<script type=\"application\/ld+json\" class=\"yoast-schema-graph\">{\"@context\":\"https:\\\/\\\/schema.org\",\"@graph\":[{\"@type\":\"WebPage\",\"@id\":\"https:\\\/\\\/kaeserei-pfelders.com\\\/it\\\/cookie\\\/\",\"url\":\"https:\\\/\\\/kaeserei-pfelders.com\\\/it\\\/cookie\\\/\",\"name\":\"Cookie - Seppnerhof\",\"isPartOf\":{\"@id\":\"https:\\\/\\\/kaeserei-pfelders.com\\\/it\\\/#website\"},\"datePublished\":\"2025-12-22T08:46:04+00:00\",\"dateModified\":\"2026-02-23T09:27:34+00:00\",\"breadcrumb\":{\"@id\":\"https:\\\/\\\/kaeserei-pfelders.com\\\/it\\\/cookie\\\/#breadcrumb\"},\"inLanguage\":\"it-IT\",\"potentialAction\":[{\"@type\":\"ReadAction\",\"target\":[\"https:\\\/\\\/kaeserei-pfelders.com\\\/it\\\/cookie\\\/\"]}]},{\"@type\":\"BreadcrumbList\",\"@id\":\"https:\\\/\\\/kaeserei-pfelders.com\\\/it\\\/cookie\\\/#breadcrumb\",\"itemListElement\":[{\"@type\":\"ListItem\",\"position\":1,\"name\":\"Start\",\"item\":\"https:\\\/\\\/kaeserei-pfelders.com\\\/it\\\/\"},{\"@type\":\"ListItem\",\"position\":2,\"name\":\"Cookie\"}]},{\"@type\":\"WebSite\",\"@id\":\"https:\\\/\\\/kaeserei-pfelders.com\\\/it\\\/#website\",\"url\":\"https:\\\/\\\/kaeserei-pfelders.com\\\/it\\\/\",\"name\":\"Seppnerhof\",\"description\":\"Bergk\u00e4serei &amp; Ferienwohnungen in Pfelders\",\"publisher\":{\"@id\":\"https:\\\/\\\/kaeserei-pfelders.com\\\/it\\\/#organization\"},\"potentialAction\":[{\"@type\":\"SearchAction\",\"target\":{\"@type\":\"EntryPoint\",\"urlTemplate\":\"https:\\\/\\\/kaeserei-pfelders.com\\\/it\\\/?s={search_term_string}\"},\"query-input\":{\"@type\":\"PropertyValueSpecification\",\"valueRequired\":true,\"valueName\":\"search_term_string\"}}],\"inLanguage\":\"it-IT\"},{\"@type\":\"Organization\",\"@id\":\"https:\\\/\\\/kaeserei-pfelders.com\\\/it\\\/#organization\",\"name\":\"Seppnerhof\",\"url\":\"https:\\\/\\\/kaeserei-pfelders.com\\\/it\\\/\",\"logo\":{\"@type\":\"ImageObject\",\"inLanguage\":\"it-IT\",\"@id\":\"https:\\\/\\\/kaeserei-pfelders.com\\\/it\\\/#\\\/schema\\\/logo\\\/image\\\/\",\"url\":\"https:\\\/\\\/kaeserei-pfelders.com\\\/wp-content\\\/uploads\\\/2025\\\/07\\\/seppnerhof-logo-2x.png\",\"contentUrl\":\"https:\\\/\\\/kaeserei-pfelders.com\\\/wp-content\\\/uploads\\\/2025\\\/07\\\/seppnerhof-logo-2x.png\",\"width\":600,\"height\":275,\"caption\":\"Seppnerhof\"},\"image\":{\"@id\":\"https:\\\/\\\/kaeserei-pfelders.com\\\/it\\\/#\\\/schema\\\/logo\\\/image\\\/\"},\"sameAs\":[\"https:\\\/\\\/www.facebook.com\\\/profile.php?id=100057309975325\"]}]}<\/script>\n<!-- \/ Yoast SEO plugin. -->","yoast_head_json":{"title":"Cookie - Seppnerhof","robots":{"index":"index","follow":"follow","max-snippet":"max-snippet:-1","max-image-preview":"max-image-preview:large","max-video-preview":"max-video-preview:-1"},"canonical":"https:\/\/kaeserei-pfelders.com\/it\/cookie\/","og_locale":"it_IT","og_type":"article","og_title":"Cookie - Seppnerhof","og_description":"[vc_row type=&#8221;in_container&#8221; full_screen_row_position=&#8221;middle&#8221; column_margin=&#8221;default&#8221; column_direction=&#8221;default&#8221; column_direction_tablet=&#8221;default&#8221; column_direction_phone=&#8221;default&#8221; scene_position=&#8221;center&#8221; text_color=&#8221;dark&#8221; text_align=&#8221;left&#8221; row_border_radius=&#8221;none&#8221; row_border_radius_applies=&#8221;bg&#8221; row_position_desktop=&#8221;default&#8221; row_position_tablet=&#8221;inherit&#8221; row_position_phone=&#8221;inherit&#8221; overflow=&#8221;visible&#8221; overlay_strength=&#8221;0.3&#8243; gradient_direction=&#8221;left_to_right&#8221; shape_divider_position=&#8221;bottom&#8221; bg_image_animation=&#8221;none&#8221;][vc_column column_padding=&#8221;no-extra-padding&#8221; column_padding_tablet=&#8221;inherit&#8221; column_padding_phone=&#8221;inherit&#8221; column_padding_position=&#8221;all&#8221; flex_gap_desktop=&#8221;10px&#8221; column_element_direction_desktop=&#8221;default&#8221; column_element_spacing=&#8221;default&#8221; desktop_text_alignment=&#8221;default&#8221; tablet_text_alignment=&#8221;default&#8221; phone_text_alignment=&#8221;default&#8221;...","og_url":"https:\/\/kaeserei-pfelders.com\/it\/cookie\/","og_site_name":"Seppnerhof","article_publisher":"https:\/\/www.facebook.com\/profile.php?id=100057309975325","article_modified_time":"2026-02-23T09:27:34+00:00","og_image":[{"width":2560,"height":1703,"url":"https:\/\/kaeserei-pfelders.com\/wp-content\/uploads\/2025\/07\/seppnerhof-07.jpg","type":"image\/jpeg"}],"twitter_misc":{"Tempo di lettura stimato":"3 minuti"},"schema":{"@context":"https:\/\/schema.org","@graph":[{"@type":"WebPage","@id":"https:\/\/kaeserei-pfelders.com\/it\/cookie\/","url":"https:\/\/kaeserei-pfelders.com\/it\/cookie\/","name":"Cookie - Seppnerhof","isPartOf":{"@id":"https:\/\/kaeserei-pfelders.com\/it\/#website"},"datePublished":"2025-12-22T08:46:04+00:00","dateModified":"2026-02-23T09:27:34+00:00","breadcrumb":{"@id":"https:\/\/kaeserei-pfelders.com\/it\/cookie\/#breadcrumb"},"inLanguage":"it-IT","potentialAction":[{"@type":"ReadAction","target":["https:\/\/kaeserei-pfelders.com\/it\/cookie\/"]}]},{"@type":"BreadcrumbList","@id":"https:\/\/kaeserei-pfelders.com\/it\/cookie\/#breadcrumb","itemListElement":[{"@type":"ListItem","position":1,"name":"Start","item":"https:\/\/kaeserei-pfelders.com\/it\/"},{"@type":"ListItem","position":2,"name":"Cookie"}]},{"@type":"WebSite","@id":"https:\/\/kaeserei-pfelders.com\/it\/#website","url":"https:\/\/kaeserei-pfelders.com\/it\/","name":"Seppnerhof","description":"Bergk\u00e4serei &amp; Ferienwohnungen in Pfelders","publisher":{"@id":"https:\/\/kaeserei-pfelders.com\/it\/#organization"},"potentialAction":[{"@type":"SearchAction","target":{"@type":"EntryPoint","urlTemplate":"https:\/\/kaeserei-pfelders.com\/it\/?s={search_term_string}"},"query-input":{"@type":"PropertyValueSpecification","valueRequired":true,"valueName":"search_term_string"}}],"inLanguage":"it-IT"},{"@type":"Organization","@id":"https:\/\/kaeserei-pfelders.com\/it\/#organization","name":"Seppnerhof","url":"https:\/\/kaeserei-pfelders.com\/it\/","logo":{"@type":"ImageObject","inLanguage":"it-IT","@id":"https:\/\/kaeserei-pfelders.com\/it\/#\/schema\/logo\/image\/","url":"https:\/\/kaeserei-pfelders.com\/wp-content\/uploads\/2025\/07\/seppnerhof-logo-2x.png","contentUrl":"https:\/\/kaeserei-pfelders.com\/wp-content\/uploads\/2025\/07\/seppnerhof-logo-2x.png","width":600,"height":275,"caption":"Seppnerhof"},"image":{"@id":"https:\/\/kaeserei-pfelders.com\/it\/#\/schema\/logo\/image\/"},"sameAs":["https:\/\/www.facebook.com\/profile.php?id=100057309975325"]}]}},"_links":{"self":[{"href":"https:\/\/kaeserei-pfelders.com\/it\/wp-json\/wp\/v2\/pages\/372","targetHints":{"allow":["GET"]}}],"collection":[{"href":"https:\/\/kaeserei-pfelders.com\/it\/wp-json\/wp\/v2\/pages"}],"about":[{"href":"https:\/\/kaeserei-pfelders.com\/it\/wp-json\/wp\/v2\/types\/page"}],"author":[{"embeddable":true,"href":"https:\/\/kaeserei-pfelders.com\/it\/wp-json\/wp\/v2\/users\/3"}],"replies":[{"embeddable":true,"href":"https:\/\/kaeserei-pfelders.com\/it\/wp-json\/wp\/v2\/comments?post=372"}],"version-history":[{"count":1,"href":"https:\/\/kaeserei-pfelders.com\/it\/wp-json\/wp\/v2\/pages\/372\/revisions"}],"predecessor-version":[{"id":375,"href":"https:\/\/kaeserei-pfelders.com\/it\/wp-json\/wp\/v2\/pages\/372\/revisions\/375"}],"wp:attachment":[{"href":"https:\/\/kaeserei-pfelders.com\/it\/wp-json\/wp\/v2\/media?parent=372"}],"curies":[{"name":"wp","href":"https:\/\/api.w.org\/{rel}","templated":true}]}}